{"id":2,"date":"2021-06-04T12:00:00","date_gmt":"2021-06-04T12:00:00","guid":{"rendered":"https:\/\/portercafe.se\/?page_id=2"},"modified":"2026-04-27T19:02:55","modified_gmt":"2026-04-27T19:02:55","slug":"sample-page","status":"publish","type":"page","link":"https:\/\/portercafe.se\/","title":{"rendered":"Start"},"content":{"rendered":"\n<hr class=\"wp-block-separator has-alpha-channel-opacity\"\/>\n\n\n\n<div class=\"wp-block-group\"><div class=\"wp-block-group__inner-container is-layout-constrained wp-block-group-is-layout-constrained\">\n<h2 class=\"wp-block-heading\"><strong>V\u00e5rk\u00e4nslor p\u00e5 g\u00e5ng&#8230;.<\/strong><\/h2>\n\n\n\n<p>Snart \u00e4r det dags att sl\u00e5 upp portarna f\u00f6r s\u00e4songen. Det blir inte till Valborg i \u00e5r men senare i maj \u00e4r det dags. <\/p>\n\n\n\n<div class=\"wp-block-group\"><div class=\"wp-block-group__inner-container is-layout-constrained wp-block-group-is-layout-constrained\">\n<p>H\u00e4lsningar<br><em>Tommie<\/em><\/p>\n\n\n\n<p>Boka bord p\u00e5 telefon: 0730 844543<\/p>\n<\/div><\/div>\n\n\n\n<div class=\"wp-block-jetpack-tiled-gallery aligncenter is-style-rectangular\"><div class=\"\"><div class=\"tiled-gallery__gallery\"><div class=\"tiled-gallery__row\"><div class=\"tiled-gallery__col\" style=\"flex-basis:25.00000%\"><figure class=\"tiled-gallery__item\"><img decoding=\"async\" srcset=\"https:\/\/i0.wp.com\/media2.portercafe.se\/2023\/06\/IMG_6946-768x1024.jpeg?strip=info&#038;w=600 600w,https:\/\/i0.wp.com\/media2.portercafe.se\/2023\/06\/IMG_6946-768x1024.jpeg?strip=info&#038;w=900 900w,https:\/\/i0.wp.com\/media2.portercafe.se\/2023\/06\/IMG_6946-768x1024.jpeg?strip=info&#038;w=1200 1200w,https:\/\/i0.wp.com\/media2.portercafe.se\/2023\/06\/IMG_6946-768x1024.jpeg?strip=info&#038;w=1500 1500w,https:\/\/i0.wp.com\/media2.portercafe.se\/2023\/06\/IMG_6946-768x1024.jpeg?strip=info&#038;w=1536 1536w\" alt=\"\" data-height=\"2048\" data-id=\"1389\" data-link=\"https:\/\/portercafe.se\/?attachment_id=1389\" data-url=\"http:\/\/media2.portercafe.se\/2023\/06\/IMG_6946-768x1024.jpeg\" data-width=\"1536\" src=\"https:\/\/i0.wp.com\/media2.portercafe.se\/2023\/06\/IMG_6946-768x1024.jpeg\" data-amp-layout=\"responsive\"\/><\/figure><\/div><div class=\"tiled-gallery__col\" style=\"flex-basis:25.00000%\"><figure class=\"tiled-gallery__item\"><img decoding=\"async\" srcset=\"https:\/\/i0.wp.com\/media2.portercafe.se\/2023\/06\/IMG_6877-768x1024.jpeg?strip=info&#038;w=600 600w,https:\/\/i0.wp.com\/media2.portercafe.se\/2023\/06\/IMG_6877-768x1024.jpeg?strip=info&#038;w=900 900w,https:\/\/i0.wp.com\/media2.portercafe.se\/2023\/06\/IMG_6877-768x1024.jpeg?strip=info&#038;w=1200 1200w,https:\/\/i0.wp.com\/media2.portercafe.se\/2023\/06\/IMG_6877-768x1024.jpeg?strip=info&#038;w=1500 1500w,https:\/\/i0.wp.com\/media2.portercafe.se\/2023\/06\/IMG_6877-768x1024.jpeg?strip=info&#038;w=1800 1800w,https:\/\/i0.wp.com\/media2.portercafe.se\/2023\/06\/IMG_6877-768x1024.jpeg?strip=info&#038;w=1920 1920w\" alt=\"\" data-height=\"2560\" data-id=\"1367\" data-link=\"https:\/\/portercafe.se\/?attachment_id=1367\" data-url=\"http:\/\/media2.portercafe.se\/2023\/06\/IMG_6877-768x1024.jpeg\" data-width=\"1920\" src=\"https:\/\/i0.wp.com\/media2.portercafe.se\/2023\/06\/IMG_6877-768x1024.jpeg\" data-amp-layout=\"responsive\"\/><\/figure><\/div><div class=\"tiled-gallery__col\" style=\"flex-basis:25.00000%\"><figure class=\"tiled-gallery__item\"><img decoding=\"async\" srcset=\"https:\/\/i0.wp.com\/media2.portercafe.se\/2023\/06\/IMG_6868-768x1024.jpeg?strip=info&#038;w=600 600w,https:\/\/i0.wp.com\/media2.portercafe.se\/2023\/06\/IMG_6868-768x1024.jpeg?strip=info&#038;w=900 900w,https:\/\/i0.wp.com\/media2.portercafe.se\/2023\/06\/IMG_6868-768x1024.jpeg?strip=info&#038;w=1200 1200w,https:\/\/i0.wp.com\/media2.portercafe.se\/2023\/06\/IMG_6868-768x1024.jpeg?strip=info&#038;w=1500 1500w,https:\/\/i0.wp.com\/media2.portercafe.se\/2023\/06\/IMG_6868-768x1024.jpeg?strip=info&#038;w=1536 1536w\" alt=\"\" data-height=\"2048\" data-id=\"1358\" data-link=\"https:\/\/portercafe.se\/?attachment_id=1358\" data-url=\"http:\/\/media2.portercafe.se\/2023\/06\/IMG_6868-768x1024.jpeg\" data-width=\"1536\" src=\"https:\/\/i0.wp.com\/media2.portercafe.se\/2023\/06\/IMG_6868-768x1024.jpeg\" data-amp-layout=\"responsive\"\/><\/figure><\/div><div class=\"tiled-gallery__col\" style=\"flex-basis:25.00000%\"><figure class=\"tiled-gallery__item\"><img decoding=\"async\" srcset=\"https:\/\/i0.wp.com\/media2.portercafe.se\/2023\/06\/IMG_6863-768x1024.jpeg?strip=info&#038;w=600 600w,https:\/\/i0.wp.com\/media2.portercafe.se\/2023\/06\/IMG_6863-768x1024.jpeg?strip=info&#038;w=900 900w,https:\/\/i0.wp.com\/media2.portercafe.se\/2023\/06\/IMG_6863-768x1024.jpeg?strip=info&#038;w=1200 1200w,https:\/\/i0.wp.com\/media2.portercafe.se\/2023\/06\/IMG_6863-768x1024.jpeg?strip=info&#038;w=1500 1500w,https:\/\/i0.wp.com\/media2.portercafe.se\/2023\/06\/IMG_6863-768x1024.jpeg?strip=info&#038;w=1536 1536w\" alt=\"\" data-height=\"2048\" data-id=\"1353\" data-link=\"https:\/\/portercafe.se\/?attachment_id=1353\" data-url=\"http:\/\/media2.portercafe.se\/2023\/06\/IMG_6863-768x1024.jpeg\" data-width=\"1536\" src=\"https:\/\/i0.wp.com\/media2.portercafe.se\/2023\/06\/IMG_6863-768x1024.jpeg\" data-amp-layout=\"responsive\"\/><\/figure><\/div><\/div><div class=\"tiled-gallery__row\"><div class=\"tiled-gallery__col\" style=\"flex-basis:15.70845%\"><figure class=\"tiled-gallery__item\"><img decoding=\"async\" srcset=\"https:\/\/i0.wp.com\/media2.portercafe.se\/2023\/06\/IMG_6878-768x1024.jpeg?strip=info&#038;w=600 600w,https:\/\/i0.wp.com\/media2.portercafe.se\/2023\/06\/IMG_6878-768x1024.jpeg?strip=info&#038;w=900 900w,https:\/\/i0.wp.com\/media2.portercafe.se\/2023\/06\/IMG_6878-768x1024.jpeg?strip=info&#038;w=1200 1200w,https:\/\/i0.wp.com\/media2.portercafe.se\/2023\/06\/IMG_6878-768x1024.jpeg?strip=info&#038;w=1500 1500w,https:\/\/i0.wp.com\/media2.portercafe.se\/2023\/06\/IMG_6878-768x1024.jpeg?strip=info&#038;w=1536 1536w\" alt=\"\" data-height=\"2048\" data-id=\"1368\" data-link=\"https:\/\/portercafe.se\/?attachment_id=1368\" data-url=\"http:\/\/media2.portercafe.se\/2023\/06\/IMG_6878-768x1024.jpeg\" data-width=\"1536\" src=\"https:\/\/i0.wp.com\/media2.portercafe.se\/2023\/06\/IMG_6878-768x1024.jpeg\" data-amp-layout=\"responsive\"\/><\/figure><\/div><div class=\"tiled-gallery__col\" style=\"flex-basis:15.70845%\"><figure class=\"tiled-gallery__item\"><img decoding=\"async\" srcset=\"https:\/\/i0.wp.com\/media2.portercafe.se\/2020\/03\/IMG_0613-768x1024.jpg?strip=info&#038;w=600 600w,https:\/\/i0.wp.com\/media2.portercafe.se\/2020\/03\/IMG_0613-768x1024.jpg?strip=info&#038;w=900 900w,https:\/\/i0.wp.com\/media2.portercafe.se\/2020\/03\/IMG_0613-768x1024.jpg?strip=info&#038;w=1200 1200w,https:\/\/i0.wp.com\/media2.portercafe.se\/2020\/03\/IMG_0613-768x1024.jpg?strip=info&#038;w=1500 1500w,https:\/\/i0.wp.com\/media2.portercafe.se\/2020\/03\/IMG_0613-768x1024.jpg?strip=info&#038;w=1800 1800w,https:\/\/i0.wp.com\/media2.portercafe.se\/2020\/03\/IMG_0613-768x1024.jpg?strip=info&#038;w=1920 1920w\" alt=\"\" data-height=\"2560\" data-id=\"827\" data-link=\"https:\/\/portercafe.se\/?attachment_id=827\" data-url=\"http:\/\/media2.portercafe.se\/2020\/03\/IMG_0613-768x1024.jpg\" data-width=\"1920\" src=\"https:\/\/i0.wp.com\/media2.portercafe.se\/2020\/03\/IMG_0613-768x1024.jpg\" data-amp-layout=\"responsive\"\/><\/figure><\/div><div class=\"tiled-gallery__col\" style=\"flex-basis:68.58311%\"><figure class=\"tiled-gallery__item\"><img decoding=\"async\" srcset=\"https:\/\/i0.wp.com\/media2.portercafe.se\/2016\/05\/cropped-DSC_0248-1-1024x310.jpg?strip=info&#038;w=600 600w,https:\/\/i0.wp.com\/media2.portercafe.se\/2016\/05\/cropped-DSC_0248-1-1024x310.jpg?strip=info&#038;w=900 900w,https:\/\/i0.wp.com\/media2.portercafe.se\/2016\/05\/cropped-DSC_0248-1-1024x310.jpg?strip=info&#038;w=1200 1200w,https:\/\/i0.wp.com\/media2.portercafe.se\/2016\/05\/cropped-DSC_0248-1-1024x310.jpg?strip=info&#038;w=1500 1500w,https:\/\/i0.wp.com\/media2.portercafe.se\/2016\/05\/cropped-DSC_0248-1-1024x310.jpg?strip=info&#038;w=1800 1800w,https:\/\/i0.wp.com\/media2.portercafe.se\/2016\/05\/cropped-DSC_0248-1-1024x310.jpg?strip=info&#038;w=1920 1920w\" alt=\"\" data-height=\"581\" data-id=\"1031\" data-link=\"https:\/\/portercafe.se\/?attachment_id=1031\" data-url=\"http:\/\/media2.portercafe.se\/2016\/05\/cropped-DSC_0248-1-1024x310.jpg\" data-width=\"1920\" src=\"https:\/\/i0.wp.com\/media2.portercafe.se\/2016\/05\/cropped-DSC_0248-1-1024x310.jpg\" data-amp-layout=\"responsive\"\/><\/figure><\/div><\/div><\/div><\/div><\/div>\n\n\n\n<hr class=\"wp-block-separator has-alpha-channel-opacity\"\/>\n\n\n\n<figure class=\"wp-block-table is-style-stripes\"><table class=\"has-background\" style=\"background-color:#c5ddec\"><tbody><tr><td><strong>\u00d6ppettider sommaren 202<\/strong>6<\/td><td><\/td><td><\/td><\/tr><tr><td>Ej fastst\u00e4llt \u00e4nnu<\/td><td><\/td><td><\/td><\/tr><tr><td><\/td><td><\/td><td><\/td><\/tr><\/tbody><\/table><\/figure>\n<\/div><\/div>\n","protected":false},"excerpt":{"rendered":"<p>V\u00e5rk\u00e4nslor p\u00e5 g\u00e5ng&#8230;. Snart \u00e4r det dags att sl\u00e5 upp portarna f\u00f6r s\u00e4songen. Det blir inte till Valborg i \u00e5r men senare i maj \u00e4r det dags. H\u00e4lsningarTommie Boka bord p\u00e5 telefon: 0730 844543<\/p>\n","protected":false},"author":4,"featured_media":0,"parent":0,"menu_order":0,"comment_status":"closed","ping_status":"closed","template":"","meta":{"_monsterinsights_skip_tracking":false,"_monsterinsights_sitenote_active":false,"_monsterinsights_sitenote_note":"","_monsterinsights_sitenote_category":0,"footnotes":""},"class_list":["post-2","page","type-page","status-publish","hentry"],"aioseo_notices":[],"jetpack_sharing_enabled":true,"_links":{"self":[{"href":"https:\/\/portercafe.se\/index.php?rest_route=\/wp\/v2\/pages\/2","targetHints":{"allow":["GET"]}}],"collection":[{"href":"https:\/\/portercafe.se\/index.php?rest_route=\/wp\/v2\/pages"}],"about":[{"href":"https:\/\/portercafe.se\/index.php?rest_route=\/wp\/v2\/types\/page"}],"author":[{"embeddable":true,"href":"https:\/\/portercafe.se\/index.php?rest_route=\/wp\/v2\/users\/4"}],"replies":[{"embeddable":true,"href":"https:\/\/portercafe.se\/index.php?rest_route=%2Fwp%2Fv2%2Fcomments&post=2"}],"version-history":[{"count":432,"href":"https:\/\/portercafe.se\/index.php?rest_route=\/wp\/v2\/pages\/2\/revisions"}],"predecessor-version":[{"id":1762,"href":"https:\/\/portercafe.se\/index.php?rest_route=\/wp\/v2\/pages\/2\/revisions\/1762"}],"wp:attachment":[{"href":"https:\/\/portercafe.se\/index.php?rest_route=%2Fwp%2Fv2%2Fmedia&parent=2"}],"curies":[{"name":"wp","href":"https:\/\/api.w.org\/{rel}","templated":true}]}}