{"id":24,"date":"2012-02-05T16:22:19","date_gmt":"2012-02-05T16:22:19","guid":{"rendered":"https:\/\/portercafe.se\/?page_id=24"},"modified":"2026-04-27T19:04:25","modified_gmt":"2026-04-27T19:04:25","slug":"meny-2","status":"publish","type":"page","link":"https:\/\/portercafe.se\/?page_id=24","title":{"rendered":"Meny"},"content":{"rendered":"\n<blockquote class=\"wp-block-quote is-layout-flow wp-block-quote-is-layout-flow\">\n<p>Vi f\u00f6r\u00e4ndrar v\u00e5r meny beroende p\u00e5 utbud p\u00e5 olika r\u00e5varor. H\u00e4r \u00e4r exempel p\u00e5 vad som kan finnas hos oss under sommarhalv\u00e5ret.  Vill ni vara helt s\u00e4kra p\u00e5 vad som finns s\u00e5 ring kocken innan \ud83d\ude42 <\/p>\n<\/blockquote>\n\n\n\n<p class=\"has-normal-font-size\"> \u00d6vriga \u00e5rstider s\u00e5 varierar menyn, ring f\u00f6r att boka bord och best\u00e4mma mat med kocken! <\/p>\n\n\n\n<hr class=\"wp-block-separator has-css-opacity\"\/>\n\n\n\n<p><strong>R\u00e4k- och tacobuff\u00e9<\/strong> &#8211; 290 kr<br>Finns alltid p\u00e5 menyn hos oss 290 kr &#8211; <em>Barn under 13 \u00e5r 125 kr<\/em><\/p>\n\n\n\n<p><\/p>\n\n\n\n<div class=\"wp-block-group\"><div class=\"wp-block-group__inner-container is-layout-constrained wp-block-group-is-layout-constrained\">\n<p><strong>Sm\u00f6rg\u00e5sar<\/strong><\/p>\n\n\n\n<ul class=\"wp-block-list\">\n<li>R\u00e4ksm\u00f6rg\u00e5s 190 kr<\/li>\n\n\n\n<li>R\u00f6kt fisk 140 kr<\/li>\n\n\n\n<li>Str\u00f6mming 140 kr  <\/li>\n<\/ul>\n\n\n\n<p><strong>F\u00f6rr\u00e4tter<\/strong> &#8211; <em>eller kanske som huvudr\u00e4tt<\/em><\/p>\n\n\n\n<ul class=\"wp-block-list\">\n<li>Fisksoppa 170 kr<\/li>\n\n\n\n<li>Skagen 170 kr<\/li>\n\n\n\n<li>L\u00f6jrom 270 kr<\/li>\n\n\n\n<li>Charkbricka<\/li>\n<\/ul>\n<\/div><\/div>\n\n\n\n<p><strong>Varmr\u00e4tter<\/strong><\/p>\n\n\n\n<ul class=\"wp-block-list\">\n<li>Dagens fisk 310 kr &#8211;<em>beroende p\u00e5 vad som finns hemma<\/em><\/li>\n\n\n\n<li>Dagens k\u00f6tt &#8211;<em> beroende p\u00e5 vad som finns hemma<\/em>\n<ul class=\"wp-block-list\">\n<li>Oxfil\u00e9 390 kr<\/li>\n\n\n\n<li>Fl\u00e4skfil\u00e9 290 kr<\/li>\n\n\n\n<li>Hjortfil\u00e9 390 kr<\/li>\n<\/ul>\n<\/li>\n\n\n\n<li>Pastar\u00e4tt 260 kr<\/li>\n\n\n\n<li>Fisksoppa 170 kr <\/li>\n<\/ul>\n\n\n\n<p><strong>Dessert<\/strong><\/p>\n\n\n\n<ul class=\"wp-block-list\">\n<li>Citrontartafu 120 kr<\/li>\n\n\n\n<li>Chokladkaka 110 kr<\/li>\n\n\n\n<li>Hjortron med glass 130 kr<\/li>\n<\/ul>\n\n\n\n<p><strong>Barnmeny <\/strong><\/p>\n\n\n\n<ul class=\"wp-block-list\">\n<li>Pannkakor 90 kr<\/li>\n\n\n\n<li>K\u00f6ttbullar 90 kr<\/li>\n\n\n\n<li>R\u00e4k- och tacobuffe 125 kr (under 13 \u00e5r)<br><\/li>\n<\/ul>\n\n\n\n<p>Fikabr\u00f6d 60 kr<br><\/p>\n\n\n\n<p><\/p>\n\n\n\n<p><\/p>\n\n\n\n<p><\/p>\n","protected":false},"excerpt":{"rendered":"<p>Vi f\u00f6r\u00e4ndrar v\u00e5r meny beroende p\u00e5 utbud p\u00e5 olika r\u00e5varor. H\u00e4r \u00e4r exempel p\u00e5 vad som kan finnas hos oss under sommarhalv\u00e5ret. Vill ni vara helt s\u00e4kra p\u00e5 vad som finns s\u00e5 ring kocken innan \ud83d\ude42 \u00d6vriga \u00e5rstider s\u00e5 varierar menyn, ring f\u00f6r att boka bord och best\u00e4mma mat med kocken! R\u00e4k- och tacobuff\u00e9 &#8211; &hellip; <\/p>\n","protected":false},"author":4,"featured_media":0,"parent":0,"menu_order":0,"comment_status":"closed","ping_status":"closed","template":"","meta":{"_monsterinsights_skip_tracking":false,"_monsterinsights_sitenote_active":false,"_monsterinsights_sitenote_note":"","_monsterinsights_sitenote_category":0,"footnotes":""},"class_list":["post-24","page","type-page","status-publish","hentry"],"aioseo_notices":[],"jetpack_sharing_enabled":true,"_links":{"self":[{"href":"https:\/\/portercafe.se\/index.php?rest_route=\/wp\/v2\/pages\/24","targetHints":{"allow":["GET"]}}],"collection":[{"href":"https:\/\/portercafe.se\/index.php?rest_route=\/wp\/v2\/pages"}],"about":[{"href":"https:\/\/portercafe.se\/index.php?rest_route=\/wp\/v2\/types\/page"}],"author":[{"embeddable":true,"href":"https:\/\/portercafe.se\/index.php?rest_route=\/wp\/v2\/users\/4"}],"replies":[{"embeddable":true,"href":"https:\/\/portercafe.se\/index.php?rest_route=%2Fwp%2Fv2%2Fcomments&post=24"}],"version-history":[{"count":93,"href":"https:\/\/portercafe.se\/index.php?rest_route=\/wp\/v2\/pages\/24\/revisions"}],"predecessor-version":[{"id":1744,"href":"https:\/\/portercafe.se\/index.php?rest_route=\/wp\/v2\/pages\/24\/revisions\/1744"}],"wp:attachment":[{"href":"https:\/\/portercafe.se\/index.php?rest_route=%2Fwp%2Fv2%2Fmedia&parent=24"}],"curies":[{"name":"wp","href":"https:\/\/api.w.org\/{rel}","templated":true}]}}