{"id":26,"date":"2012-02-05T16:22:37","date_gmt":"2012-02-05T16:22:37","guid":{"rendered":"https:\/\/portercafe.se\/?page_id=26"},"modified":"2020-07-17T16:01:56","modified_gmt":"2020-07-17T16:01:56","slug":"hitta-hit","status":"publish","type":"page","link":"https:\/\/portercafe.se\/?page_id=26","title":{"rendered":"Hitta hit"},"content":{"rendered":"<p><strong>V\u00e4gbeskrivning<\/strong><\/p>\n<p>45 km norr om Sundsvall, fr\u00e5n E4 tag av mot S\u00f6r\u00e5ker, \u00c5st\u00f6n. K\u00f6r rakt fram \u00f6ver bron till \u00c5st\u00f6n. Tag av vid skylt V\u00e4rdshuset Idyllen.<\/p>\n<p>Adress: \u00c5st\u00f6n 608, 861 94 S\u00f6r\u00e5ker<\/p>\n<p><iframe loading=\"lazy\" style=\"border: 0;\" src=\"https:\/\/www.google.com\/maps\/embed?pb=!1m18!1m12!1m3!1d59084.31115760032!2d17.644704136256!3d62.43373722568837!2m3!1f0!2f0!3f0!3m2!1i1024!2i768!4f13.1!3m3!1m2!1s0x466462c8df44fe95%3A0x6b2a14af2db7e57e!2zw4VzdMO2biA2MDgsIDg2MCAzNSBTw7Zyw6VrZXI!5e0!3m2!1ssv!2sse!4v1463915132518\" width=\"600\" height=\"450\" frameborder=\"0\" allowfullscreen=\"allowfullscreen\"><\/iframe><\/p>\n","protected":false},"excerpt":{"rendered":"<p>V\u00e4gbeskrivning 45 km norr om Sundsvall, fr\u00e5n E4 tag av mot S\u00f6r\u00e5ker, \u00c5st\u00f6n. K\u00f6r rakt fram \u00f6ver bron till \u00c5st\u00f6n. Tag av vid skylt V\u00e4rdshuset Idyllen. Adress: \u00c5st\u00f6n 608, 861 94 S\u00f6r\u00e5ker<\/p>\n","protected":false},"author":4,"featured_media":0,"parent":0,"menu_order":0,"comment_status":"closed","ping_status":"closed","template":"","meta":{"_monsterinsights_skip_tracking":false,"_monsterinsights_sitenote_active":false,"_monsterinsights_sitenote_note":"","_monsterinsights_sitenote_category":0,"footnotes":""},"class_list":["post-26","page","type-page","status-publish","hentry"],"aioseo_notices":[],"jetpack_sharing_enabled":true,"_links":{"self":[{"href":"https:\/\/portercafe.se\/index.php?rest_route=\/wp\/v2\/pages\/26","targetHints":{"allow":["GET"]}}],"collection":[{"href":"https:\/\/portercafe.se\/index.php?rest_route=\/wp\/v2\/pages"}],"about":[{"href":"https:\/\/portercafe.se\/index.php?rest_route=\/wp\/v2\/types\/page"}],"author":[{"embeddable":true,"href":"https:\/\/portercafe.se\/index.php?rest_route=\/wp\/v2\/users\/4"}],"replies":[{"embeddable":true,"href":"https:\/\/portercafe.se\/index.php?rest_route=%2Fwp%2Fv2%2Fcomments&post=26"}],"version-history":[{"count":6,"href":"https:\/\/portercafe.se\/index.php?rest_route=\/wp\/v2\/pages\/26\/revisions"}],"predecessor-version":[{"id":943,"href":"https:\/\/portercafe.se\/index.php?rest_route=\/wp\/v2\/pages\/26\/revisions\/943"}],"wp:attachment":[{"href":"https:\/\/portercafe.se\/index.php?rest_route=%2Fwp%2Fv2%2Fmedia&parent=26"}],"curies":[{"name":"wp","href":"https:\/\/api.w.org\/{rel}","templated":true}]}}