{"id":34,"date":"2012-02-05T16:24:03","date_gmt":"2012-02-05T16:24:03","guid":{"rendered":"https:\/\/portercafe.se\/?page_id=34"},"modified":"2026-04-27T19:04:53","modified_gmt":"2026-04-27T19:04:53","slug":"kontakt","status":"publish","type":"page","link":"https:\/\/portercafe.se\/?page_id=34","title":{"rendered":"Kontakt"},"content":{"rendered":"<p>Porter Caf\u00e9<br \/>\u00c5st\u00f6n 608<br \/>861 94 S\u00f6r\u00e5ker<\/p>\n<p>Telefon: 0730 844543<br \/>E-post: <a href=\"mailto:tommie@portercafe.se\">tommie@portercafe.se<\/a><\/p>\n<p>\u00a0<\/p>\n\n\n<figure class=\"wp-block-table is-style-stripes\"><table class=\"has-background\" style=\"background-color:#c5ddec\"><tbody><tr><td><strong>\u00d6ppettider sommaren 202<\/strong>6<\/td><td><\/td><td><\/td><\/tr><tr><td><strong>Maj <\/strong><br>&#8211; Premi\u00e4r Morsdag 31 maj <\/td><td><\/td><td><\/td><\/tr><tr><td><strong>Juni<\/strong><br>&#8211; \u00d6ppet helger<br>&#8211; 12 juni St\u00e4ngt<\/td><td><\/td><td><\/td><\/tr><\/tbody><\/table><\/figure>\n\n\n\n<div class=\"wp-block-jetpack-tiled-gallery aligncenter is-style-rectangular has-rounded-corners-19\"><div class=\"tiled-gallery__gallery\"><div class=\"tiled-gallery__row\"><div class=\"tiled-gallery__col\" style=\"flex-basis:56.42886%\"><figure class=\"tiled-gallery__item\"><img decoding=\"async\" srcset=\"https:\/\/i0.wp.com\/media2.portercafe.se\/2021\/11\/24131430_1701775733218573_4884786440981230682_n.jpg?strip=info&#038;w=600 600w,https:\/\/i0.wp.com\/media2.portercafe.se\/2021\/11\/24131430_1701775733218573_4884786440981230682_n.jpg?strip=info&#038;w=900 900w,https:\/\/i0.wp.com\/media2.portercafe.se\/2021\/11\/24131430_1701775733218573_4884786440981230682_n.jpg?strip=info&#038;w=960 960w\" alt=\"\" data-height=\"540\" data-id=\"1114\" data-link=\"https:\/\/portercafe.se\/?attachment_id=1114\" data-url=\"http:\/\/media2.portercafe.se\/2021\/11\/24131430_1701775733218573_4884786440981230682_n.jpg\" data-width=\"960\" src=\"https:\/\/i0.wp.com\/media2.portercafe.se\/2021\/11\/24131430_1701775733218573_4884786440981230682_n.jpg\" data-amp-layout=\"responsive\"\/><\/figure><figure class=\"tiled-gallery__item\"><img decoding=\"async\" srcset=\"https:\/\/i2.wp.com\/media2.portercafe.se\/2016\/04\/cropped-DSC_0171-1.jpg?strip=info&#038;w=600 600w,https:\/\/i2.wp.com\/media2.portercafe.se\/2016\/04\/cropped-DSC_0171-1.jpg?strip=info&#038;w=900 900w,https:\/\/i2.wp.com\/media2.portercafe.se\/2016\/04\/cropped-DSC_0171-1.jpg?strip=info&#038;w=1000 1000w\" alt=\"\" data-height=\"593\" data-id=\"320\" data-link=\"https:\/\/portercafe.se\/?attachment_id=320\" data-url=\"http:\/\/media2.portercafe.se\/2016\/04\/cropped-DSC_0171-1.jpg\" data-width=\"1000\" src=\"https:\/\/i2.wp.com\/media2.portercafe.se\/2016\/04\/cropped-DSC_0171-1.jpg\" data-amp-layout=\"responsive\"\/><\/figure><\/div><div class=\"tiled-gallery__col\" style=\"flex-basis:43.57114%\"><figure class=\"tiled-gallery__item\"><img decoding=\"async\" srcset=\"https:\/\/i0.wp.com\/media2.portercafe.se\/2016\/04\/DSC_0347-1-678x1024.jpg?strip=info&#038;w=600 600w,https:\/\/i0.wp.com\/media2.portercafe.se\/2016\/04\/DSC_0347-1-678x1024.jpg?strip=info&#038;w=900 900w,https:\/\/i0.wp.com\/media2.portercafe.se\/2016\/04\/DSC_0347-1-678x1024.jpg?strip=info&#038;w=1200 1200w,https:\/\/i0.wp.com\/media2.portercafe.se\/2016\/04\/DSC_0347-1-678x1024.jpg?strip=info&#038;w=1500 1500w,https:\/\/i0.wp.com\/media2.portercafe.se\/2016\/04\/DSC_0347-1-678x1024.jpg?strip=info&#038;w=1800 1800w,https:\/\/i0.wp.com\/media2.portercafe.se\/2016\/04\/DSC_0347-1-678x1024.jpg?strip=info&#038;w=2000 2000w\" alt=\"\" data-height=\"4928\" data-id=\"319\" data-link=\"https:\/\/portercafe.se\/?attachment_id=319\" data-url=\"http:\/\/media2.portercafe.se\/2016\/04\/DSC_0347-1-678x1024.jpg\" data-width=\"3264\" src=\"https:\/\/i0.wp.com\/media2.portercafe.se\/2016\/04\/DSC_0347-1-678x1024.jpg\" data-amp-layout=\"responsive\"\/><\/figure><\/div><\/div><div class=\"tiled-gallery__row\"><div class=\"tiled-gallery__col\" style=\"flex-basis:47.54337%\"><figure class=\"tiled-gallery__item\"><img decoding=\"async\" srcset=\"https:\/\/i1.wp.com\/media2.portercafe.se\/2016\/04\/DSC_0265-1-1024x678.jpg?strip=info&#038;w=600 600w,https:\/\/i1.wp.com\/media2.portercafe.se\/2016\/04\/DSC_0265-1-1024x678.jpg?strip=info&#038;w=900 900w,https:\/\/i1.wp.com\/media2.portercafe.se\/2016\/04\/DSC_0265-1-1024x678.jpg?strip=info&#038;w=1200 1200w,https:\/\/i1.wp.com\/media2.portercafe.se\/2016\/04\/DSC_0265-1-1024x678.jpg?strip=info&#038;w=1500 1500w,https:\/\/i1.wp.com\/media2.portercafe.se\/2016\/04\/DSC_0265-1-1024x678.jpg?strip=info&#038;w=1800 1800w,https:\/\/i1.wp.com\/media2.portercafe.se\/2016\/04\/DSC_0265-1-1024x678.jpg?strip=info&#038;w=2000 2000w\" alt=\"\" data-height=\"3264\" data-id=\"303\" data-link=\"https:\/\/portercafe.se\/?attachment_id=303\" data-url=\"http:\/\/media2.portercafe.se\/2016\/04\/DSC_0265-1-1024x678.jpg\" data-width=\"4928\" src=\"https:\/\/i1.wp.com\/media2.portercafe.se\/2016\/04\/DSC_0265-1-1024x678.jpg\" data-amp-layout=\"responsive\"\/><\/figure><\/div><div class=\"tiled-gallery__col\" style=\"flex-basis:20.92555%\"><figure class=\"tiled-gallery__item\"><img decoding=\"async\" srcset=\"https:\/\/i2.wp.com\/media2.portercafe.se\/2016\/04\/DSC_0200-1-678x1024.jpg?strip=info&#038;w=600 600w,https:\/\/i2.wp.com\/media2.portercafe.se\/2016\/04\/DSC_0200-1-678x1024.jpg?strip=info&#038;w=900 900w,https:\/\/i2.wp.com\/media2.portercafe.se\/2016\/04\/DSC_0200-1-678x1024.jpg?strip=info&#038;w=1200 1200w,https:\/\/i2.wp.com\/media2.portercafe.se\/2016\/04\/DSC_0200-1-678x1024.jpg?strip=info&#038;w=1500 1500w,https:\/\/i2.wp.com\/media2.portercafe.se\/2016\/04\/DSC_0200-1-678x1024.jpg?strip=info&#038;w=1800 1800w,https:\/\/i2.wp.com\/media2.portercafe.se\/2016\/04\/DSC_0200-1-678x1024.jpg?strip=info&#038;w=2000 2000w\" alt=\"\" data-height=\"4928\" data-id=\"312\" data-link=\"https:\/\/portercafe.se\/?attachment_id=312\" data-url=\"http:\/\/media2.portercafe.se\/2016\/04\/DSC_0200-1-678x1024.jpg\" data-width=\"3264\" src=\"https:\/\/i2.wp.com\/media2.portercafe.se\/2016\/04\/DSC_0200-1-678x1024.jpg\" data-amp-layout=\"responsive\"\/><\/figure><\/div><div class=\"tiled-gallery__col\" style=\"flex-basis:31.53109%\"><figure class=\"tiled-gallery__item\"><img decoding=\"async\" srcset=\"https:\/\/i2.wp.com\/media2.portercafe.se\/2016\/04\/cropped-DSC_0197-13.jpg?strip=info&#038;w=512 512w\" alt=\"\" data-height=\"512\" data-id=\"371\" data-link=\"https:\/\/portercafe.se\/?attachment_id=371\" data-url=\"http:\/\/media2.portercafe.se\/2016\/04\/cropped-DSC_0197-13.jpg\" data-width=\"512\" src=\"https:\/\/i2.wp.com\/media2.portercafe.se\/2016\/04\/cropped-DSC_0197-13.jpg\" data-amp-layout=\"responsive\"\/><\/figure><\/div><\/div><\/div><\/div>\n","protected":false},"excerpt":{"rendered":"<p>Porter Caf\u00e9\u00c5st\u00f6n 608861 94 S\u00f6r\u00e5ker Telefon: 0730 844543E-post: tommie@portercafe.se \u00a0<\/p>\n","protected":false},"author":4,"featured_media":0,"parent":0,"menu_order":0,"comment_status":"closed","ping_status":"closed","template":"","meta":{"footnotes":""},"class_list":["post-34","page","type-page","status-publish","hentry"],"jetpack_sharing_enabled":true,"_links":{"self":[{"href":"https:\/\/portercafe.se\/index.php?rest_route=\/wp\/v2\/pages\/34","targetHints":{"allow":["GET"]}}],"collection":[{"href":"https:\/\/portercafe.se\/index.php?rest_route=\/wp\/v2\/pages"}],"about":[{"href":"https:\/\/portercafe.se\/index.php?rest_route=\/wp\/v2\/types\/page"}],"author":[{"embeddable":true,"href":"https:\/\/portercafe.se\/index.php?rest_route=\/wp\/v2\/users\/4"}],"replies":[{"embeddable":true,"href":"https:\/\/portercafe.se\/index.php?rest_route=%2Fwp%2Fv2%2Fcomments&post=34"}],"version-history":[{"count":12,"href":"https:\/\/portercafe.se\/index.php?rest_route=\/wp\/v2\/pages\/34\/revisions"}],"predecessor-version":[{"id":1641,"href":"https:\/\/portercafe.se\/index.php?rest_route=\/wp\/v2\/pages\/34\/revisions\/1641"}],"wp:attachment":[{"href":"https:\/\/portercafe.se\/index.php?rest_route=%2Fwp%2Fv2%2Fmedia&parent=34"}],"curies":[{"name":"wp","href":"https:\/\/api.w.org\/{rel}","templated":true}]}}