{"id":43,"date":"2021-02-05T16:25:00","date_gmt":"2021-02-05T16:25:00","guid":{"rendered":"https:\/\/portercafe.se\/?page_id=43"},"modified":"2026-04-27T19:06:25","modified_gmt":"2026-04-27T19:06:25","slug":"underhallning","status":"publish","type":"page","link":"https:\/\/portercafe.se\/?page_id=43","title":{"rendered":"Evenemang under \u00e5ret"},"content":{"rendered":"\n<p class=\"has-large-font-size\">2026<\/p>\n\n\n\n<pre class=\"wp-block-preformatted has-medium-font-size\">S\u00e5 h\u00e4r ser en prelimin\u00e4r planeringen ut f\u00f6r \u00e5ret. <br>Vid vissa sommarkv\u00e4llar bjuder vi in trubadurer att spela p\u00e5 Porter Caf\u00e9. <br><\/pre>\n\n\n\n<hr class=\"wp-block-separator has-css-opacity\"\/>\n\n\n\n<p><strong>Maj<\/strong><\/p>\n\n\n\n<p>20 maj -Abbonerat<\/p>\n\n\n\n<hr class=\"wp-block-separator has-alpha-channel-opacity\"\/>\n\n\n\n<p><strong>Juni<\/strong><\/p>\n\n\n\n<p>Midsommardagen 21 juni&nbsp; &#8211; <em><em>ev. underh\u00e5llning<\/em> <em>ej fastst\u00e4llt<\/em><\/em><\/p>\n\n\n\n<hr class=\"wp-block-separator has-alpha-channel-opacity\"\/>\n\n\n\n<p><strong>Juli<\/strong><\/p>\n\n\n\n<p><\/p>\n\n\n\n<hr class=\"wp-block-separator has-alpha-channel-opacity\"\/>\n\n\n\n<p><strong>Augusti<\/strong><\/p>\n\n\n\n<div class=\"wp-block-cover\" style=\"min-height:185px;aspect-ratio:unset;\"><img loading=\"lazy\" decoding=\"async\" width=\"1024\" height=\"1365\" class=\"wp-block-cover__image-background wp-image-1751\" alt=\"\" src=\"https:\/\/media2.portercafe.se\/2026\/02\/IMG_6323-edited.jpeg\" data-object-fit=\"cover\" srcset=\"http:\/\/media2.portercafe.se\/2026\/02\/IMG_6323-edited.jpeg 1024w, http:\/\/media2.portercafe.se\/2026\/02\/IMG_6323-edited-225x300.jpeg 225w, http:\/\/media2.portercafe.se\/2026\/02\/IMG_6323-edited-768x1024.jpeg 768w\" sizes=\"auto, (max-width: 1024px) 100vw, 1024px\" \/><span aria-hidden=\"true\" class=\"wp-block-cover__background has-background-dim\"><\/span><div class=\"wp-block-cover__inner-container is-layout-flow wp-block-cover-is-layout-flow\">\n<p class=\"has-text-align-center has-large-font-size\">31 augusti &#8211; Lysnatta<\/p>\n\n\n\n<p class=\"has-text-align-center\"><\/p>\n<\/div><\/div>\n\n\n\n<hr class=\"wp-block-separator has-alpha-channel-opacity\"\/>\n\n\n\n<p><strong>September<\/strong><\/p>\n\n\n\n<p>Skaldjursafton<\/p>\n\n\n\n<hr class=\"wp-block-separator has-alpha-channel-opacity\"\/>\n\n\n\n<p><strong>Oktober<\/strong><\/p>\n\n\n\n<p><em>ej fastst\u00e4llt<\/em><\/p>\n\n\n\n<hr class=\"wp-block-separator has-alpha-channel-opacity\"\/>\n\n\n\n<p><strong>December<\/strong><\/p>\n\n\n\n<p><em>Ej fastst\u00e4llt<\/em><\/p>\n\n\n\n<p><\/p>\n","protected":false},"excerpt":{"rendered":"<p>2026 S\u00e5 h\u00e4r ser en prelimin\u00e4r planeringen ut f\u00f6r \u00e5ret. Vid vissa sommarkv\u00e4llar bjuder vi in trubadurer att spela p\u00e5 Porter Caf\u00e9. Maj 20 maj -Abbonerat Juni Midsommardagen 21 juni&nbsp; &#8211; ev. underh\u00e5llning ej fastst\u00e4llt Juli Augusti September Skaldjursafton Oktober ej fastst\u00e4llt December Ej fastst\u00e4llt<\/p>\n","protected":false},"author":4,"featured_media":0,"parent":0,"menu_order":0,"comment_status":"closed","ping_status":"closed","template":"","meta":{"_monsterinsights_skip_tracking":false,"_monsterinsights_sitenote_active":false,"_monsterinsights_sitenote_note":"","_monsterinsights_sitenote_category":0,"footnotes":""},"class_list":["post-43","page","type-page","status-publish","hentry"],"aioseo_notices":[],"jetpack_sharing_enabled":true,"_links":{"self":[{"href":"https:\/\/portercafe.se\/index.php?rest_route=\/wp\/v2\/pages\/43","targetHints":{"allow":["GET"]}}],"collection":[{"href":"https:\/\/portercafe.se\/index.php?rest_route=\/wp\/v2\/pages"}],"about":[{"href":"https:\/\/portercafe.se\/index.php?rest_route=\/wp\/v2\/types\/page"}],"author":[{"embeddable":true,"href":"https:\/\/portercafe.se\/index.php?rest_route=\/wp\/v2\/users\/4"}],"replies":[{"embeddable":true,"href":"https:\/\/portercafe.se\/index.php?rest_route=%2Fwp%2Fv2%2Fcomments&post=43"}],"version-history":[{"count":135,"href":"https:\/\/portercafe.se\/index.php?rest_route=\/wp\/v2\/pages\/43\/revisions"}],"predecessor-version":[{"id":1764,"href":"https:\/\/portercafe.se\/index.php?rest_route=\/wp\/v2\/pages\/43\/revisions\/1764"}],"wp:attachment":[{"href":"https:\/\/portercafe.se\/index.php?rest_route=%2Fwp%2Fv2%2Fmedia&parent=43"}],"curies":[{"name":"wp","href":"https:\/\/api.w.org\/{rel}","templated":true}]}}